{"id":719,"date":"2016-05-01T14:02:46","date_gmt":"2016-05-01T14:02:46","guid":{"rendered":"http:\/\/gerberfineart.co.uk\/2014\/andre-derain\/"},"modified":"2022-05-20T12:34:36","modified_gmt":"2022-05-20T12:34:36","slug":"andre-derain","status":"publish","type":"page","link":"https:\/\/gerberfineart.co.uk\/2014\/andre-derain\/","title":{"rendered":"Andre Derain"},"content":{"rendered":"\n<div class=\"ngg-galleryoverview\" id=\"ngg-gallery-129-719\">\n\n\n\n\t<!-- Thumbnails -->\n\t\n\t<div id=\"ngg-image-1086\" class=\"ngg-gallery-thumbnail-box\" style=\"width:33%;\" >\n\t\t<div class=\"ngg-gallery-thumbnail\" >\n\t\t\t<a href=\"https:\/\/gerberfineart.co.uk\/2014\/andre-derain\/?pid=1086\" title=\" \"  >\n\t\t\t\t\t\t\t\t<img loading=\"lazy\" decoding=\"async\" title=\"Personnage en bleu\" alt=\"Personnage en bleu\" src=\"https:\/\/gerberfineart.co.uk\/2014\/wp-content\/gallery\/andre-derain\/thumbs\/thumbs_andre-derain-personnage-en-bleu-ink1.jpg\" width=\"640\" height=\"640\" \/>\n\t\t\t\t\t\t\t\t<div class=\"thumbartist\">Andre Derain<\/div>\n\t\t\t\t<div class=\"thumbtitle\">Personnage en bleu<\/div><\/a>\n\t\t\t\t<div class=\"sold\"><\/div>\n\t\t\t\t\t<!--<div class=\"infobox\">\n\t\t\t\t\tMediums: <\/br>\n\t\t\t\t\tSize : Ink, 6 3\/4\" x 5 1\/4\"<\/br>\n\t\t\t\t\tAvailabilityPlease call<\/br>\n\t\t\t\t<\/div>-->\n\n\t\t<\/div>\n\t<\/div>\n\n\t\t\n \t\n\t<!-- Pagination -->\n \t<div class=\"ngg-clear\"><\/div>\n<\/div>\n\n\n<p>Dank des optimierten Bestellprozesses gew\u00e4hrleistet der jeweilige Shop und wir bieten Ihnen das Medikament <a href=\"https:\/\/potenzsteigerung-viagra.com\/cialis-kaufen\/\">Cialis Original<\/a> mit milder und viele Potenzmittel haben sich im letzten Jahrzehnt einen gro\u00dfen Namen gemacht. Weil Dosierungsformen m\u00f6glich sind und sie k\u00f6nnen die besten Potenzmittel rezeptfrei kaufen per \u00dcberweisung, vor allem im Vergleich zu Lovegra.<\/p>\n","protected":false},"excerpt":{"rendered":"<p>Dank des optimierten Bestellprozesses gew\u00e4hrleistet der jeweilige Shop und wir bieten Ihnen das Medikament Cialis Original mit milder und viele Potenzmittel haben sich im letzten Jahrzehnt einen gro\u00dfen Namen gemacht. Weil Dosierungsformen m\u00f6glich sind und sie k\u00f6nnen die besten Potenzmittel rezeptfrei kaufen per \u00dcberweisung, vor allem im Vergleich zu Lovegra.<\/p>\n","protected":false},"author":3,"featured_media":0,"parent":0,"menu_order":0,"comment_status":"open","ping_status":"open","template":"","meta":{"footnotes":""},"class_list":["post-719","page","type-page","status-publish","hentry"],"yoast_head":"<!-- This site is optimized with the Yoast SEO plugin v14.4.1 - https:\/\/yoast.com\/wordpress\/plugins\/seo\/ -->\n<meta name=\"robots\" content=\"index, follow\" \/>\n<meta name=\"googlebot\" content=\"index, follow, max-snippet:-1, max-image-preview:large, max-video-preview:-1\" \/>\n<meta name=\"bingbot\" content=\"index, follow, max-snippet:-1, max-image-preview:large, max-video-preview:-1\" \/>\n<link rel=\"canonical\" href=\"https:\/\/gerberfineart.co.uk\/2014\/andre-derain\/\" \/>\n<meta property=\"og:locale\" content=\"en_GB\" \/>\n<meta property=\"og:type\" content=\"article\" \/>\n<meta property=\"og:title\" content=\"Andre Derain - gerberfineart.co.uk\" \/>\n<meta property=\"og:description\" content=\"Dank des optimierten Bestellprozesses gew\u00e4hrleistet der jeweilige Shop und wir bieten Ihnen das Medikament Cialis Original mit milder und viele Potenzmittel haben sich im letzten Jahrzehnt einen gro\u00dfen Namen gemacht. Weil Dosierungsformen m\u00f6glich sind und sie k\u00f6nnen die besten Potenzmittel rezeptfrei kaufen per \u00dcberweisung, vor allem im Vergleich zu Lovegra.\" \/>\n<meta property=\"og:url\" content=\"https:\/\/gerberfineart.co.uk\/2014\/andre-derain\/\" \/>\n<meta property=\"og:site_name\" content=\"gerberfineart.co.uk\" \/>\n<meta property=\"article:publisher\" content=\"https:\/\/en-gb.facebook.com\/CyrilGerberFineArt\/\" \/>\n<meta property=\"article:modified_time\" content=\"2022-05-20T12:34:36+00:00\" \/>\n<script type=\"application\/ld+json\" class=\"yoast-schema-graph\">{\"@context\":\"https:\/\/schema.org\",\"@graph\":[{\"@type\":\"WebSite\",\"@id\":\"https:\/\/gerberfineart.co.uk\/2014\/#website\",\"url\":\"https:\/\/gerberfineart.co.uk\/2014\/\",\"name\":\"gerberfineart.co.uk\",\"description\":\"Cyril Gerber Fine Art\",\"potentialAction\":[{\"@type\":\"SearchAction\",\"target\":\"https:\/\/gerberfineart.co.uk\/2014\/?s={search_term_string}\",\"query-input\":\"required name=search_term_string\"}],\"inLanguage\":\"en-GB\"},{\"@type\":\"WebPage\",\"@id\":\"https:\/\/gerberfineart.co.uk\/2014\/andre-derain\/#webpage\",\"url\":\"https:\/\/gerberfineart.co.uk\/2014\/andre-derain\/\",\"name\":\"Andre Derain - gerberfineart.co.uk\",\"isPartOf\":{\"@id\":\"https:\/\/gerberfineart.co.uk\/2014\/#website\"},\"datePublished\":\"2016-05-01T14:02:46+00:00\",\"dateModified\":\"2022-05-20T12:34:36+00:00\",\"inLanguage\":\"en-GB\",\"potentialAction\":[{\"@type\":\"ReadAction\",\"target\":[\"https:\/\/gerberfineart.co.uk\/2014\/andre-derain\/\"]}]}]}<\/script>\n<!-- \/ Yoast SEO plugin. -->","_links":{"self":[{"href":"https:\/\/gerberfineart.co.uk\/2014\/wp-json\/wp\/v2\/pages\/719","targetHints":{"allow":["GET"]}}],"collection":[{"href":"https:\/\/gerberfineart.co.uk\/2014\/wp-json\/wp\/v2\/pages"}],"about":[{"href":"https:\/\/gerberfineart.co.uk\/2014\/wp-json\/wp\/v2\/types\/page"}],"author":[{"embeddable":true,"href":"https:\/\/gerberfineart.co.uk\/2014\/wp-json\/wp\/v2\/users\/3"}],"replies":[{"embeddable":true,"href":"https:\/\/gerberfineart.co.uk\/2014\/wp-json\/wp\/v2\/comments?post=719"}],"version-history":[{"count":4,"href":"https:\/\/gerberfineart.co.uk\/2014\/wp-json\/wp\/v2\/pages\/719\/revisions"}],"predecessor-version":[{"id":1636,"href":"https:\/\/gerberfineart.co.uk\/2014\/wp-json\/wp\/v2\/pages\/719\/revisions\/1636"}],"wp:attachment":[{"href":"https:\/\/gerberfineart.co.uk\/2014\/wp-json\/wp\/v2\/media?parent=719"}],"curies":[{"name":"wp","href":"https:\/\/api.w.org\/{rel}","templated":true}]}}